{"id":10,"date":"2020-10-23T11:58:05","date_gmt":"2020-10-23T11:58:05","guid":{"rendered":"https:\/\/tagesmutter-boenen.com\/?page_id=10"},"modified":"2020-10-28T17:47:45","modified_gmt":"2020-10-28T17:47:45","slug":"impressum","status":"publish","type":"page","link":"https:\/\/tagesmutter-boenen.com\/?page_id=10","title":{"rendered":"IMPRESSUM"},"content":{"rendered":"\t\t<div data-elementor-type=\"wp-page\" data-elementor-id=\"10\" class=\"elementor elementor-10\">\n\t\t\t\t\t\t<section class=\"elementor-section elementor-top-section elementor-element elementor-element-b6ed658 elementor-section-full_width elementor-section-height-default elementor-section-height-default\" data-id=\"b6ed658\" data-element_type=\"section\">\n\t\t\t\t\t\t<div class=\"elementor-container elementor-column-gap-default\">\n\t\t\t\t\t<div class=\"elementor-column elementor-col-100 elementor-top-column elementor-element elementor-element-694ceba\" data-id=\"694ceba\" data-element_type=\"column\">\n\t\t\t<div class=\"elementor-widget-wrap elementor-element-populated\">\n\t\t\t\t\t\t<div class=\"elementor-element elementor-element-7c51648 elementor-widget elementor-widget-text-editor\" data-id=\"7c51648\" data-element_type=\"widget\" data-widget_type=\"text-editor.default\">\n\t\t\t\t<div class=\"elementor-widget-container\">\n\t\t\t\t\t\t\t<div id=\"content\" class=\"site-content clr\"><article class=\"single-page-article clr\"><div class=\"entry clr\"><div class=\"elementor elementor-34\" data-elementor-type=\"wp-page\" data-elementor-id=\"34\" data-elementor-settings=\"[]\"><div class=\"elementor-inner\"><div class=\"elementor-section-wrap\"><section class=\"elementor-section elementor-top-section elementor-element elementor-element-d716aaa elementor-section-boxed elementor-section-height-default elementor-section-height-default\" data-id=\"d716aaa\" data-element_type=\"section\"><div class=\"elementor-container elementor-column-gap-default\"><div class=\"elementor-row\"><div class=\"elementor-column elementor-col-100 elementor-top-column elementor-element elementor-element-d2adcb8\" data-id=\"d2adcb8\" data-element_type=\"column\"><div class=\"elementor-column-wrap elementor-element-populated\"><div class=\"elementor-widget-wrap\"><div class=\"elementor-element elementor-element-e79fa75 elementor-widget elementor-widget-text-editor\" data-id=\"e79fa75\" data-element_type=\"widget\" data-widget_type=\"text-editor.default\"><div class=\"elementor-widget-container\"><div class=\"elementor-text-editor elementor-clearfix\"><div id=\"content\" class=\"site-content clr\"><article class=\"single-page-article clr\"><div class=\"entry clr\"><div class=\"elementor elementor-133\" data-elementor-type=\"wp-page\" data-elementor-id=\"133\" data-elementor-settings=\"[]\"><div class=\"elementor-inner\"><div class=\"elementor-section-wrap\"><section class=\"elementor-section elementor-top-section elementor-element elementor-element-416450f elementor-section-boxed elementor-section-height-default elementor-section-height-default\" data-id=\"416450f\" data-element_type=\"section\"><div class=\"elementor-container elementor-column-gap-default\"><div class=\"elementor-row\"><div class=\"elementor-column elementor-col-100 elementor-top-column elementor-element elementor-element-5489ab9\" data-id=\"5489ab9\" data-element_type=\"column\"><div class=\"elementor-column-wrap elementor-element-populated\"><div class=\"elementor-widget-wrap\"><div class=\"elementor-element elementor-element-ff20566 elementor-widget elementor-widget-text-editor\" data-id=\"ff20566\" data-element_type=\"widget\" data-widget_type=\"text-editor.default\"><div class=\"elementor-widget-container\"><div class=\"elementor-text-editor elementor-clearfix\"><p>Impressum<\/p><p>Angaben gem\u00e4\u00df \u00a7 5 TMG<\/p><div>Gro\u00dftagespflege zum Vogelnest B\u00f6nen<\/div><div>\u00a0<\/div><div>Freiberufler Tagespflegeperson<\/div><div>Inh. Silke Meyer<\/div><div>Kettinghauser Weg 17<\/div><div>59199 B\u00f6nen<\/div><div>Mobil: +49 15735666584<\/div><div>Tel.: (02383) 9672159<\/div><div>Fax: (02383) 9672160<\/div><div>Mail: info@tagesmutter-boenen.com<\/div><div>\u00a0<\/div><p>Umsatzsteuer-ID<br \/>Umsatzsteuer-Identifikationsnummer gem\u00e4\u00df \u00a7 27 a Umsatzsteuergesetz:<br \/>322\/5199\/2838 Finanzamt Hamm<\/p><p>Aufsichtsbeh\u00f6rden:<br \/>Kreis Unna Familie und Jugend<\/p><p>Friedrich-Ebert Str. 17, 59425 Unna<\/p><p>Angaben zur Berufshaftpflichtversicherung<br \/>Name und Sitz des Versicherers:<\/p><p>N\u00fcrnberger Versicherung<\/p><p>Ostendstra\u00dfe 100<br \/>90334 N\u00fcrnberg<br \/>Telefon +49 911 531-5<\/p><p>Geltungsraum der Versicherung:<br \/>Deutschland<\/p><p>EU-Streitschlichtung<br \/>Die Europ\u00e4ische Kommission stellt eine Plattform zur Online-Streitbeilegung (OS) bereit:<br \/>https:\/\/ec.europa.eu\/consumers\/odr.<br \/>Unsere E-Mail-Adresse finden Sie oben im Impressum.<br \/>Verbraucherstreitbeilegung\/Universalschlichtungsstelle<br \/>Wir sind nicht bereit oder verpflichtet, an Streitbeilegungsverfahren vor einer<br \/>Verbraucherschlichtungsstelle teilzunehmen.<\/p><p>Haftung f\u00fcr Inhalte<br \/>Als Diensteanbieter sind wir gem\u00e4\u00df \u00a7 7 Abs.1 TMG f\u00fcr eigene Inhalte auf diesen Seiten nach den<br \/>allgemeinen Gesetzen verantwortlich. Nach \u00a7\u00a7 8 bis 10 TMG sind wir als Diensteanbieter jedoch nicht<br \/>verpflichtet, \u00fcbermittelte oder gespeicherte fremde Informationen zu \u00fcberwachen oder nach Umst\u00e4nden zu<br \/>forschen, die auf eine rechtswidrige T\u00e4tigkeit hinweisen.<br \/>Verpflichtungen zur Entfernung oder Sperrung der Nutzung von Informationen nach den allgemeinen<br \/>Gesetzen bleiben hiervon unber\u00fchrt. Eine diesbez\u00fcgliche Haftung ist jedoch erst ab dem Zeitpunkt der<br \/>Kenntnis einer konkreten Rechtsverletzung m\u00f6glich. Bei Bekanntwerden von entsprechenden<br \/>Rechtsverletzungen werden wir diese Inhalte umgehend entfernen.<\/p><p>Das Bildmaterial ist Eigenes oder ist lizenzfrei von Pixabay.<\/p><p>Haftung f\u00fcr Links<br \/>Unser Angebot enth\u00e4lt Links zu externen Websites Dritter, auf deren Inhalte wir keinen Einfluss haben.<br \/>Deshalb k\u00f6nnen wir f\u00fcr diese fremden Inhalte auch keine Gew\u00e4hr \u00fcbernehmen. F\u00fcr die Inhalte der<br \/>verlinkten Seiten ist stets der jeweilige Anbieter oder Betreiber der Seiten verantwortlich. Die verlinkten<br \/>Seiten wurden zum Zeitpunkt der Verlinkung auf m\u00f6gliche Rechtsverst\u00f6\u00dfe \u00fcberpr\u00fcft. Rechtswidrige Inhalte<br \/>waren zum Zeitpunkt der Verlinkung nicht erkennbar.<br \/>Eine permanente inhaltliche Kontrolle der verlinkten Seiten ist jedoch ohne konkrete Anhaltspunkte einer<br \/>Rechtsverletzung nicht zumutbar. Bei Bekanntwerden von Rechtsverletzungen werden wir derartige Links<br \/>umgehend entfernen.<\/p><p>Urheberrecht<br \/>Die durch die Seitenbetreiber erstellten Inhalte und Werke auf diesen Seiten unterliegen dem deutschen<br \/>Urheberrecht. Die Vervielf\u00e4ltigung, Bearbeitung, Verbreitung und jede Art der Verwertung au\u00dferhalb der<br \/>Grenzen des Urheberrechtes bed\u00fcrfen der schriftlichen Zustimmung des jeweiligen Autors bzw. Erstellers.<br \/>Downloads und Kopien dieser Seite sind nur f\u00fcr den privaten, nicht kommerziellen Gebrauch gestattet.<br \/>Soweit die Inhalte auf dieser Seite nicht vom Betreiber erstellt wurden, werden die Urheberrechte Dritter<br \/>beachtet. Insbesondere werden Inhalte Dritter als solche gekennzeichnet. Sollten Sie trotzdem auf eine<br \/>Urheberrechtsverletzung aufmerksam werden, bitten wir um einen entsprechenden Hinweis. Bei<br \/>Bekanntwerden von Rechtsverletzungen werden wir derartige Inhalte umgehend entfernen.<br \/>Quelle:<br \/><a href=\"http:\/\/www.e-recht24.de\">eRecht24<\/a><\/p><\/div><\/div><\/div><\/div><\/div><\/div><\/div><\/div><\/section><\/div><\/div><\/div><\/div><\/article><\/div><\/div><\/div><\/div><\/div><\/div><\/div><\/div><\/div><\/section><\/div><\/div><\/div><\/div><\/article><\/div>\t\t\t\t\t\t<\/div>\n\t\t\t\t<\/div>\n\t\t\t\t\t<\/div>\n\t\t<\/div>\n\t\t\t\t\t<\/div>\n\t\t<\/section>\n\t\t\t\t<\/div>\n\t\t","protected":false},"excerpt":{"rendered":"<p>Impressum Angaben gem\u00e4\u00df \u00a7 5 TMG Gro\u00dftagespflege zum Vogelnest B\u00f6nen\u00a0Freiberufler TagespflegepersonInh. Silke MeyerKettinghauser Weg 1759199 B\u00f6nenMobil: +49 15735666584Tel.: (02383) 9672159Fax: (02383) 9672160Mail: info@tagesmutter-boenen.com\u00a0 Umsatzsteuer-IDUmsatzsteuer-Identifikationsnummer gem\u00e4\u00df \u00a7 27 a Umsatzsteuergesetz:322\/5199\/2838 Finanzamt Hamm Aufsichtsbeh\u00f6rden:Kreis Unna Familie und Jugend Friedrich-Ebert Str. 17, 59425 Unna Angaben zur BerufshaftpflichtversicherungName und Sitz des Versicherers: N\u00fcrnberger Versicherung Ostendstra\u00dfe 10090334 N\u00fcrnbergTelefon +49 911 [&hellip;]<\/p>\n","protected":false},"author":1,"featured_media":0,"parent":0,"menu_order":0,"comment_status":"closed","ping_status":"closed","template":"","meta":{"ocean_post_layout":"full-screen","ocean_both_sidebars_style":"","ocean_both_sidebars_content_width":0,"ocean_both_sidebars_sidebars_width":0,"ocean_sidebar":"0","ocean_second_sidebar":"0","ocean_disable_margins":"enable","ocean_add_body_class":"","ocean_shortcode_before_top_bar":"","ocean_shortcode_after_top_bar":"","ocean_shortcode_before_header":"","ocean_shortcode_after_header":"","ocean_has_shortcode":"","ocean_shortcode_after_title":"","ocean_shortcode_before_footer_widgets":"","ocean_shortcode_after_footer_widgets":"","ocean_shortcode_before_footer_bottom":"","ocean_shortcode_after_footer_bottom":"","ocean_display_top_bar":"off","ocean_display_header":"default","ocean_header_style":"","ocean_center_header_left_menu":"0","ocean_custom_header_template":"0","ocean_custom_logo":0,"ocean_custom_retina_logo":0,"ocean_custom_logo_max_width":0,"ocean_custom_logo_tablet_max_width":0,"ocean_custom_logo_mobile_max_width":0,"ocean_custom_logo_max_height":0,"ocean_custom_logo_tablet_max_height":0,"ocean_custom_logo_mobile_max_height":0,"ocean_header_custom_menu":"0","ocean_menu_typo_font_family":"0","ocean_menu_typo_font_subset":"","ocean_menu_typo_font_size":0,"ocean_menu_typo_font_size_tablet":0,"ocean_menu_typo_font_size_mobile":0,"ocean_menu_typo_font_size_unit":"px","ocean_menu_typo_font_weight":"","ocean_menu_typo_font_weight_tablet":"","ocean_menu_typo_font_weight_mobile":"","ocean_menu_typo_transform":"","ocean_menu_typo_transform_tablet":"","ocean_menu_typo_transform_mobile":"","ocean_menu_typo_line_height":0,"ocean_menu_typo_line_height_tablet":0,"ocean_menu_typo_line_height_mobile":0,"ocean_menu_typo_line_height_unit":"","ocean_menu_typo_spacing":0,"ocean_menu_typo_spacing_tablet":0,"ocean_menu_typo_spacing_mobile":0,"ocean_menu_typo_spacing_unit":"","ocean_menu_link_color":"","ocean_menu_link_color_hover":"","ocean_menu_link_color_active":"","ocean_menu_link_background":"","ocean_menu_link_hover_background":"","ocean_menu_link_active_background":"","ocean_menu_social_links_bg":"","ocean_menu_social_hover_links_bg":"","ocean_menu_social_links_color":"","ocean_menu_social_hover_links_color":"","ocean_disable_title":"default","ocean_disable_heading":"default","ocean_post_title":"","ocean_post_subheading":"","ocean_post_title_style":"","ocean_post_title_background_color":"","ocean_post_title_background":0,"ocean_post_title_bg_image_position":"","ocean_post_title_bg_image_attachment":"","ocean_post_title_bg_image_repeat":"","ocean_post_title_bg_image_size":"","ocean_post_title_height":0,"ocean_post_title_bg_overlay":0.5,"ocean_post_title_bg_overlay_color":"","ocean_disable_breadcrumbs":"default","ocean_breadcrumbs_color":"","ocean_breadcrumbs_separator_color":"","ocean_breadcrumbs_links_color":"","ocean_breadcrumbs_links_hover_color":"","ocean_display_footer_widgets":"off","ocean_display_footer_bottom":"default","ocean_custom_footer_template":"0"},"yoast_head":"<!-- This site is optimized with the Yoast SEO plugin v21.1 - https:\/\/yoast.com\/wordpress\/plugins\/seo\/ -->\n<title>IMPRESSUM - tagesmutter-boenen.de<\/title>\n<meta name=\"robots\" content=\"index, follow, max-snippet:-1, max-image-preview:large, max-video-preview:-1\" \/>\n<link rel=\"canonical\" href=\"https:\/\/tagesmutter-boenen.com\/?page_id=10\" \/>\n<meta property=\"og:locale\" content=\"de_DE\" \/>\n<meta property=\"og:type\" content=\"article\" \/>\n<meta property=\"og:title\" content=\"IMPRESSUM - tagesmutter-boenen.de\" \/>\n<meta property=\"og:description\" content=\"Impressum Angaben gem\u00e4\u00df \u00a7 5 TMG Gro\u00dftagespflege zum Vogelnest B\u00f6nen\u00a0Freiberufler TagespflegepersonInh. Silke MeyerKettinghauser Weg 1759199 B\u00f6nenMobil: +49 15735666584Tel.: (02383) 9672159Fax: (02383) 9672160Mail: info@tagesmutter-boenen.com\u00a0 Umsatzsteuer-IDUmsatzsteuer-Identifikationsnummer gem\u00e4\u00df \u00a7 27 a Umsatzsteuergesetz:322\/5199\/2838 Finanzamt Hamm Aufsichtsbeh\u00f6rden:Kreis Unna Familie und Jugend Friedrich-Ebert Str. 17, 59425 Unna Angaben zur BerufshaftpflichtversicherungName und Sitz des Versicherers: N\u00fcrnberger Versicherung Ostendstra\u00dfe 10090334 N\u00fcrnbergTelefon +49 911 [&hellip;]\" \/>\n<meta property=\"og:url\" content=\"https:\/\/tagesmutter-boenen.com\/?page_id=10\" \/>\n<meta property=\"og:site_name\" content=\"tagesmutter-boenen.de\" \/>\n<meta property=\"article:modified_time\" content=\"2020-10-28T17:47:45+00:00\" \/>\n<meta name=\"twitter:card\" content=\"summary_large_image\" \/>\n<meta name=\"twitter:label1\" content=\"Gesch\u00e4tzte Lesezeit\" \/>\n\t<meta name=\"twitter:data1\" content=\"2\u00a0Minuten\" \/>\n<script type=\"application\/ld+json\" class=\"yoast-schema-graph\">{\"@context\":\"https:\/\/schema.org\",\"@graph\":[{\"@type\":\"WebPage\",\"@id\":\"https:\/\/tagesmutter-boenen.com\/?page_id=10\",\"url\":\"https:\/\/tagesmutter-boenen.com\/?page_id=10\",\"name\":\"IMPRESSUM - tagesmutter-boenen.de\",\"isPartOf\":{\"@id\":\"https:\/\/tagesmutter-boenen.com\/#website\"},\"datePublished\":\"2020-10-23T11:58:05+00:00\",\"dateModified\":\"2020-10-28T17:47:45+00:00\",\"breadcrumb\":{\"@id\":\"https:\/\/tagesmutter-boenen.com\/?page_id=10#breadcrumb\"},\"inLanguage\":\"de\",\"potentialAction\":[{\"@type\":\"ReadAction\",\"target\":[\"https:\/\/tagesmutter-boenen.com\/?page_id=10\"]}]},{\"@type\":\"BreadcrumbList\",\"@id\":\"https:\/\/tagesmutter-boenen.com\/?page_id=10#breadcrumb\",\"itemListElement\":[{\"@type\":\"ListItem\",\"position\":1,\"name\":\"Startseite\",\"item\":\"https:\/\/tagesmutter-boenen.com\/\"},{\"@type\":\"ListItem\",\"position\":2,\"name\":\"IMPRESSUM\"}]},{\"@type\":\"WebSite\",\"@id\":\"https:\/\/tagesmutter-boenen.com\/#website\",\"url\":\"https:\/\/tagesmutter-boenen.com\/\",\"name\":\"tagesmutter-boenen.de\",\"description\":\"Gro\u00dftagespflege zum Vogelnest B\u00f6nen\",\"publisher\":{\"@id\":\"https:\/\/tagesmutter-boenen.com\/#\/schema\/person\/ce5f35cfa2fd3fd9bf5e4b5602ce1a90\"},\"potentialAction\":[{\"@type\":\"SearchAction\",\"target\":{\"@type\":\"EntryPoint\",\"urlTemplate\":\"https:\/\/tagesmutter-boenen.com\/?s={search_term_string}\"},\"query-input\":\"required name=search_term_string\"}],\"inLanguage\":\"de\"},{\"@type\":[\"Person\",\"Organization\"],\"@id\":\"https:\/\/tagesmutter-boenen.com\/#\/schema\/person\/ce5f35cfa2fd3fd9bf5e4b5602ce1a90\",\"name\":\"admin\",\"image\":{\"@type\":\"ImageObject\",\"inLanguage\":\"de\",\"@id\":\"https:\/\/tagesmutter-boenen.com\/#\/schema\/person\/image\/\",\"url\":\"https:\/\/tagesmutter-boenen.com\/wp-content\/uploads\/2020\/10\/cropped-IMG-20201023-WA0000.jpg-klein.jpg-50.jpg\",\"contentUrl\":\"https:\/\/tagesmutter-boenen.com\/wp-content\/uploads\/2020\/10\/cropped-IMG-20201023-WA0000.jpg-klein.jpg-50.jpg\",\"width\":98,\"height\":105,\"caption\":\"admin\"},\"logo\":{\"@id\":\"https:\/\/tagesmutter-boenen.com\/#\/schema\/person\/image\/\"},\"sameAs\":[\"https:\/\/tagesmutter-boenen.com\"]}]}<\/script>\n<!-- \/ Yoast SEO plugin. -->","yoast_head_json":{"title":"IMPRESSUM - tagesmutter-boenen.de","robots":{"index":"index","follow":"follow","max-snippet":"max-snippet:-1","max-image-preview":"max-image-preview:large","max-video-preview":"max-video-preview:-1"},"canonical":"https:\/\/tagesmutter-boenen.com\/?page_id=10","og_locale":"de_DE","og_type":"article","og_title":"IMPRESSUM - tagesmutter-boenen.de","og_description":"Impressum Angaben gem\u00e4\u00df \u00a7 5 TMG Gro\u00dftagespflege zum Vogelnest B\u00f6nen\u00a0Freiberufler TagespflegepersonInh. Silke MeyerKettinghauser Weg 1759199 B\u00f6nenMobil: +49 15735666584Tel.: (02383) 9672159Fax: (02383) 9672160Mail: info@tagesmutter-boenen.com\u00a0 Umsatzsteuer-IDUmsatzsteuer-Identifikationsnummer gem\u00e4\u00df \u00a7 27 a Umsatzsteuergesetz:322\/5199\/2838 Finanzamt Hamm Aufsichtsbeh\u00f6rden:Kreis Unna Familie und Jugend Friedrich-Ebert Str. 17, 59425 Unna Angaben zur BerufshaftpflichtversicherungName und Sitz des Versicherers: N\u00fcrnberger Versicherung Ostendstra\u00dfe 10090334 N\u00fcrnbergTelefon +49 911 [&hellip;]","og_url":"https:\/\/tagesmutter-boenen.com\/?page_id=10","og_site_name":"tagesmutter-boenen.de","article_modified_time":"2020-10-28T17:47:45+00:00","twitter_card":"summary_large_image","twitter_misc":{"Gesch\u00e4tzte Lesezeit":"2\u00a0Minuten"},"schema":{"@context":"https:\/\/schema.org","@graph":[{"@type":"WebPage","@id":"https:\/\/tagesmutter-boenen.com\/?page_id=10","url":"https:\/\/tagesmutter-boenen.com\/?page_id=10","name":"IMPRESSUM - tagesmutter-boenen.de","isPartOf":{"@id":"https:\/\/tagesmutter-boenen.com\/#website"},"datePublished":"2020-10-23T11:58:05+00:00","dateModified":"2020-10-28T17:47:45+00:00","breadcrumb":{"@id":"https:\/\/tagesmutter-boenen.com\/?page_id=10#breadcrumb"},"inLanguage":"de","potentialAction":[{"@type":"ReadAction","target":["https:\/\/tagesmutter-boenen.com\/?page_id=10"]}]},{"@type":"BreadcrumbList","@id":"https:\/\/tagesmutter-boenen.com\/?page_id=10#breadcrumb","itemListElement":[{"@type":"ListItem","position":1,"name":"Startseite","item":"https:\/\/tagesmutter-boenen.com\/"},{"@type":"ListItem","position":2,"name":"IMPRESSUM"}]},{"@type":"WebSite","@id":"https:\/\/tagesmutter-boenen.com\/#website","url":"https:\/\/tagesmutter-boenen.com\/","name":"tagesmutter-boenen.de","description":"Gro\u00dftagespflege zum Vogelnest B\u00f6nen","publisher":{"@id":"https:\/\/tagesmutter-boenen.com\/#\/schema\/person\/ce5f35cfa2fd3fd9bf5e4b5602ce1a90"},"potentialAction":[{"@type":"SearchAction","target":{"@type":"EntryPoint","urlTemplate":"https:\/\/tagesmutter-boenen.com\/?s={search_term_string}"},"query-input":"required name=search_term_string"}],"inLanguage":"de"},{"@type":["Person","Organization"],"@id":"https:\/\/tagesmutter-boenen.com\/#\/schema\/person\/ce5f35cfa2fd3fd9bf5e4b5602ce1a90","name":"admin","image":{"@type":"ImageObject","inLanguage":"de","@id":"https:\/\/tagesmutter-boenen.com\/#\/schema\/person\/image\/","url":"https:\/\/tagesmutter-boenen.com\/wp-content\/uploads\/2020\/10\/cropped-IMG-20201023-WA0000.jpg-klein.jpg-50.jpg","contentUrl":"https:\/\/tagesmutter-boenen.com\/wp-content\/uploads\/2020\/10\/cropped-IMG-20201023-WA0000.jpg-klein.jpg-50.jpg","width":98,"height":105,"caption":"admin"},"logo":{"@id":"https:\/\/tagesmutter-boenen.com\/#\/schema\/person\/image\/"},"sameAs":["https:\/\/tagesmutter-boenen.com"]}]}},"_links":{"self":[{"href":"https:\/\/tagesmutter-boenen.com\/index.php?rest_route=\/wp\/v2\/pages\/10"}],"collection":[{"href":"https:\/\/tagesmutter-boenen.com\/index.php?rest_route=\/wp\/v2\/pages"}],"about":[{"href":"https:\/\/tagesmutter-boenen.com\/index.php?rest_route=\/wp\/v2\/types\/page"}],"author":[{"embeddable":true,"href":"https:\/\/tagesmutter-boenen.com\/index.php?rest_route=\/wp\/v2\/users\/1"}],"replies":[{"embeddable":true,"href":"https:\/\/tagesmutter-boenen.com\/index.php?rest_route=%2Fwp%2Fv2%2Fcomments&post=10"}],"version-history":[{"count":10,"href":"https:\/\/tagesmutter-boenen.com\/index.php?rest_route=\/wp\/v2\/pages\/10\/revisions"}],"predecessor-version":[{"id":397,"href":"https:\/\/tagesmutter-boenen.com\/index.php?rest_route=\/wp\/v2\/pages\/10\/revisions\/397"}],"wp:attachment":[{"href":"https:\/\/tagesmutter-boenen.com\/index.php?rest_route=%2Fwp%2Fv2%2Fmedia&parent=10"}],"curies":[{"name":"wp","href":"https:\/\/api.w.org\/{rel}","templated":true}]}}